{"id":11,"date":"2024-06-07T20:51:25","date_gmt":"2024-06-07T18:51:25","guid":{"rendered":"https:\/\/antiguamontessori.edu.gt\/?page_id=11"},"modified":"2024-09-11T17:47:59","modified_gmt":"2024-09-11T23:47:59","slug":"nosotros","status":"publish","type":"page","link":"https:\/\/antiguamontessori.edu.gt\/es\/nosotros\/","title":{"rendered":"Nosotros"},"content":{"rendered":"\t\t<div data-elementor-type=\"wp-page\" data-elementor-id=\"11\" class=\"elementor elementor-11\" data-elementor-post-type=\"page\">\n\t\t\t\t<div class=\"elementor-element elementor-element-26e1713 e-con-full e-flex e-con e-parent\" data-id=\"26e1713\" data-element_type=\"container\">\n\t\t<div class=\"elementor-element elementor-element-7612488 e-con-full e-flex e-con e-child\" data-id=\"7612488\" data-element_type=\"container\">\n\t\t\t\t<div class=\"elementor-element elementor-element-f7c8442 elementor-widget elementor-widget-video\" data-id=\"f7c8442\" data-element_type=\"widget\" data-settings=\"{&quot;video_type&quot;:&quot;hosted&quot;,&quot;controls&quot;:&quot;yes&quot;}\" data-widget_type=\"video.default\">\n\t\t\t\t<div class=\"elementor-widget-container\">\n\t\t\t\t\t\t\t<div class=\"e-hosted-video elementor-wrapper elementor-open-inline\">\n\t\t\t\t\t<video class=\"elementor-video\" src=\"https:\/\/antiguamontessori.edu.gt\/wp-content\/uploads\/2024\/09\/1-opc-2.webm\" controls=\"\" preload=\"metadata\" controlsList=\"nodownload\"><\/video>\n\t\t\t\t<\/div>\n\t\t\t\t\t\t<\/div>\n\t\t\t\t<\/div>\n\t\t\t\t<\/div>\n\t\t<div class=\"elementor-element elementor-element-4ae9d83 e-con-full e-flex e-con e-child\" data-id=\"4ae9d83\" data-element_type=\"container\">\n\t\t<div class=\"elementor-element elementor-element-0b8fe5c e-con-full e-flex e-con e-child\" data-id=\"0b8fe5c\" data-element_type=\"container\">\n\t\t\t\t<div class=\"elementor-element elementor-element-3ff3ef5 elementor-widget elementor-widget-heading\" data-id=\"3ff3ef5\" data-element_type=\"widget\" data-widget_type=\"heading.default\">\n\t\t\t\t<div class=\"elementor-widget-container\">\n\t\t\t\t\t<h3 class=\"elementor-heading-title elementor-size-default\">Acerca de nosotros<\/h3>\t\t\t\t<\/div>\n\t\t\t\t<\/div>\n\t\t\t\t<div class=\"elementor-element elementor-element-65d068a elementor-headline--style-highlight elementor-widget elementor-widget-animated-headline\" data-id=\"65d068a\" data-element_type=\"widget\" data-settings=\"{&quot;marker&quot;:&quot;underline&quot;,&quot;highlighted_text&quot;:&quot;somos?&quot;,&quot;headline_style&quot;:&quot;highlight&quot;,&quot;loop&quot;:&quot;yes&quot;,&quot;highlight_animation_duration&quot;:1200,&quot;highlight_iteration_delay&quot;:8000}\" data-widget_type=\"animated-headline.default\">\n\t\t\t\t<div class=\"elementor-widget-container\">\n\t\t\t\t\t\t\t<h1 class=\"elementor-headline\">\n\t\t\t\t\t<span class=\"elementor-headline-plain-text elementor-headline-text-wrapper\">\u00bfQui\u00e9nes<\/span>\n\t\t\t\t<span class=\"elementor-headline-dynamic-wrapper elementor-headline-text-wrapper\">\n\t\t\t\t\t<span class=\"elementor-headline-dynamic-text elementor-headline-text-active\">somos?<\/span>\n\t\t\t\t<\/span>\n\t\t\t\t<\/h1>\n\t\t\t\t\t\t<\/div>\n\t\t\t\t<\/div>\n\t\t\t\t<div class=\"elementor-element elementor-element-bddd80d elementor-widget elementor-widget-text-editor\" data-id=\"bddd80d\" data-element_type=\"widget\" data-widget_type=\"text-editor.default\">\n\t\t\t\t<div class=\"elementor-widget-container\">\n\t\t\t\t\t\t\t\t\t<p>Antigua Montessori School (AMS) es un colegio biling\u00fce e internacional que sigue la Filosof\u00eda Montessori, ofreciendo una educaci\u00f3n excepcional desde la edad preescolar hasta la secundaria. En AMS, honramos los principios Montessori al fomentar un ambiente educativo enriquecedor, donde cada estudiante tiene la oportunidad de volverse independiente en su propio proceso de aprendizaje.\u00a0<\/p>\t\t\t\t\t\t\t\t<\/div>\n\t\t\t\t<\/div>\n\t\t\t\t<div class=\"elementor-element elementor-element-b79e79d elementor-align-left elementor-mobile-align-center elementor-widget elementor-widget-button\" data-id=\"b79e79d\" data-element_type=\"widget\" data-widget_type=\"button.default\">\n\t\t\t\t<div class=\"elementor-widget-container\">\n\t\t\t\t\t\t\t\t\t<div class=\"elementor-button-wrapper\">\n\t\t\t\t\t<a class=\"elementor-button elementor-button-link elementor-size-sm\" href=\"https:\/\/antiguamontessori.edu.gt\/es\/visitanos\/\">\n\t\t\t\t\t\t<span class=\"elementor-button-content-wrapper\">\n\t\t\t\t\t\t\t\t\t<span class=\"elementor-button-text\">Agenda tu visita<\/span>\n\t\t\t\t\t<\/span>\n\t\t\t\t\t<\/a>\n\t\t\t\t<\/div>\n\t\t\t\t\t\t\t\t<\/div>\n\t\t\t\t<\/div>\n\t\t\t\t<\/div>\n\t\t\t\t<\/div>\n\t\t\t\t<\/div>\n\t\t<div class=\"elementor-element elementor-element-d1ffd9b e-con-full e-flex e-con e-parent\" data-id=\"d1ffd9b\" data-element_type=\"container\" data-settings=\"{&quot;background_background&quot;:&quot;classic&quot;,&quot;background_motion_fx_motion_fx_mouse&quot;:&quot;yes&quot;}\">\n\t\t\t\t<div class=\"elementor-element elementor-element-3fa5c53 elementor-invisible elementor-widget elementor-widget-heading\" data-id=\"3fa5c53\" data-element_type=\"widget\" data-settings=\"{&quot;_animation&quot;:&quot;fadeInDown&quot;}\" data-widget_type=\"heading.default\">\n\t\t\t\t<div class=\"elementor-widget-container\">\n\t\t\t\t\t<h3 class=\"elementor-heading-title elementor-size-default\">Nuestro lema:<\/h3>\t\t\t\t<\/div>\n\t\t\t\t<\/div>\n\t\t\t\t<div class=\"elementor-element elementor-element-a1487c2 elementor-headline--style-highlight elementor-widget elementor-widget-animated-headline\" data-id=\"a1487c2\" data-element_type=\"widget\" data-settings=\"{&quot;marker&quot;:&quot;underline_zigzag&quot;,&quot;highlighted_text&quot;:&quot;la &lt;i&gt;libertad&lt;\\\/i&gt; y la &lt;i&gt;paz.&lt;\\\/i&gt;&quot;,&quot;headline_style&quot;:&quot;highlight&quot;,&quot;loop&quot;:&quot;yes&quot;,&quot;highlight_animation_duration&quot;:1200,&quot;highlight_iteration_delay&quot;:8000}\" data-widget_type=\"animated-headline.default\">\n\t\t\t\t<div class=\"elementor-widget-container\">\n\t\t\t\t\t\t\t<h2 class=\"elementor-headline\">\n\t\t\t\t\t<span class=\"elementor-headline-plain-text elementor-headline-text-wrapper\">Asistir a la vida, mediante la guianza, encendemos<\/span>\n\t\t\t\t<span class=\"elementor-headline-dynamic-wrapper elementor-headline-text-wrapper\">\n\t\t\t\t\t<span class=\"elementor-headline-dynamic-text elementor-headline-text-active\">la <i>libertad<\/i> y la <i>paz.<\/i><\/span>\n\t\t\t\t<\/span>\n\t\t\t\t<\/h2>\n\t\t\t\t\t\t<\/div>\n\t\t\t\t<\/div>\n\t\t\t\t<\/div>\n\t\t<div class=\"elementor-element elementor-element-8df0e05 e-con-full e-flex e-con e-parent\" data-id=\"8df0e05\" data-element_type=\"container\" data-settings=\"{&quot;background_background&quot;:&quot;classic&quot;}\">\n\t\t<div class=\"elementor-element elementor-element-e186661 e-con-full e-flex elementor-invisible e-con e-child\" data-id=\"e186661\" data-element_type=\"container\" data-settings=\"{&quot;background_background&quot;:&quot;classic&quot;,&quot;animation&quot;:&quot;fadeInRight&quot;}\">\n\t\t\t\t<div class=\"elementor-element elementor-element-4a4aa2a elementor-widget elementor-widget-heading\" data-id=\"4a4aa2a\" data-element_type=\"widget\" data-widget_type=\"heading.default\">\n\t\t\t\t<div class=\"elementor-widget-container\">\n\t\t\t\t\t<h3 class=\"elementor-heading-title elementor-size-default\">Nuestra misi\u00f3n<\/h3>\t\t\t\t<\/div>\n\t\t\t\t<\/div>\n\t\t\t\t<div class=\"elementor-element elementor-element-f08c0cb elementor-headline--style-highlight elementor-widget elementor-widget-animated-headline\" data-id=\"f08c0cb\" data-element_type=\"widget\" data-settings=\"{&quot;marker&quot;:&quot;underline_zigzag&quot;,&quot;highlighted_text&quot;:&quot; impulsa?&quot;,&quot;headline_style&quot;:&quot;highlight&quot;,&quot;loop&quot;:&quot;yes&quot;,&quot;highlight_animation_duration&quot;:1200,&quot;highlight_iteration_delay&quot;:8000}\" data-widget_type=\"animated-headline.default\">\n\t\t\t\t<div class=\"elementor-widget-container\">\n\t\t\t\t\t\t\t<h1 class=\"elementor-headline\">\n\t\t\t\t\t<span class=\"elementor-headline-plain-text elementor-headline-text-wrapper\">\u00bfQu\u00e9 nos<\/span>\n\t\t\t\t<span class=\"elementor-headline-dynamic-wrapper elementor-headline-text-wrapper\">\n\t\t\t\t\t<span class=\"elementor-headline-dynamic-text elementor-headline-text-active\"> impulsa?<\/span>\n\t\t\t\t<\/span>\n\t\t\t\t<\/h1>\n\t\t\t\t\t\t<\/div>\n\t\t\t\t<\/div>\n\t\t\t\t<div class=\"elementor-element elementor-element-f050789 elementor-widget elementor-widget-text-editor\" data-id=\"f050789\" data-element_type=\"widget\" data-widget_type=\"text-editor.default\">\n\t\t\t\t<div class=\"elementor-widget-container\">\n\t\t\t\t\t\t\t\t\t<p>Formar j\u00f3venes independientes en su<br \/>proceso de aprendizaje y pensamiento<br \/>cr\u00edtico, \u00e1vidos de conocimiento,<br \/>emprendedores, activos, \u00e9ticos y con<br \/>iniciativa de trabajar hacia el bien, en el<br \/>marco del respeto intercultural siendo<br \/>\u00abciudadanos del mundo\u00bb.<\/p>\t\t\t\t\t\t\t\t<\/div>\n\t\t\t\t<\/div>\n\t\t\t\t<div class=\"elementor-element elementor-element-97b0f12 elementor-widget elementor-widget-button\" data-id=\"97b0f12\" data-element_type=\"widget\" data-widget_type=\"button.default\">\n\t\t\t\t<div class=\"elementor-widget-container\">\n\t\t\t\t\t\t\t\t\t<div class=\"elementor-button-wrapper\">\n\t\t\t\t\t<a class=\"elementor-button elementor-button-link elementor-size-sm\" href=\"https:\/\/antiguamontessori.edu.gt\/es\/visitanos\/\">\n\t\t\t\t\t\t<span class=\"elementor-button-content-wrapper\">\n\t\t\t\t\t\t\t\t\t<span class=\"elementor-button-text\">Vis\u00edtanos<\/span>\n\t\t\t\t\t<\/span>\n\t\t\t\t\t<\/a>\n\t\t\t\t<\/div>\n\t\t\t\t\t\t\t\t<\/div>\n\t\t\t\t<\/div>\n\t\t\t\t<\/div>\n\t\t<div class=\"elementor-element elementor-element-c8d4b15 e-con-full e-flex elementor-invisible e-con e-child\" data-id=\"c8d4b15\" data-element_type=\"container\" data-settings=\"{&quot;background_background&quot;:&quot;classic&quot;,&quot;animation&quot;:&quot;fadeInLeft&quot;}\">\n\t\t\t\t<div class=\"elementor-element elementor-element-d6cae04 elementor-widget elementor-widget-image\" data-id=\"d6cae04\" data-element_type=\"widget\" data-widget_type=\"image.default\">\n\t\t\t\t<div class=\"elementor-widget-container\">\n\t\t\t\t\t\t\t\t\t\t\t\t\t\t\t<img fetchpriority=\"high\" decoding=\"async\" width=\"800\" height=\"533\" src=\"https:\/\/antiguamontessori.edu.gt\/wp-content\/uploads\/2024\/06\/ANTIGUA_MONTESSORI_-128.jpg\" class=\"attachment-large size-large wp-image-174\" alt=\"\" srcset=\"https:\/\/antiguamontessori.edu.gt\/wp-content\/uploads\/2024\/06\/ANTIGUA_MONTESSORI_-128.jpg 900w, https:\/\/antiguamontessori.edu.gt\/wp-content\/uploads\/2024\/06\/ANTIGUA_MONTESSORI_-128-300x200.jpg 300w, https:\/\/antiguamontessori.edu.gt\/wp-content\/uploads\/2024\/06\/ANTIGUA_MONTESSORI_-128-768x512.jpg 768w\" sizes=\"(max-width: 800px) 100vw, 800px\" \/>\t\t\t\t\t\t\t\t\t\t\t\t\t\t\t<\/div>\n\t\t\t\t<\/div>\n\t\t\t\t<\/div>\n\t\t\t\t<\/div>\n\t\t<div class=\"elementor-element elementor-element-23e59e1 e-con-full e-flex e-con e-parent\" data-id=\"23e59e1\" data-element_type=\"container\" data-settings=\"{&quot;background_background&quot;:&quot;classic&quot;}\">\n\t\t<div class=\"elementor-element elementor-element-da34d4a e-con-full e-flex elementor-invisible e-con e-child\" data-id=\"da34d4a\" data-element_type=\"container\" data-settings=\"{&quot;background_background&quot;:&quot;classic&quot;,&quot;animation&quot;:&quot;fadeInLeft&quot;}\">\n\t\t\t\t<div class=\"elementor-element elementor-element-102d03d elementor-widget elementor-widget-heading\" data-id=\"102d03d\" data-element_type=\"widget\" data-widget_type=\"heading.default\">\n\t\t\t\t<div class=\"elementor-widget-container\">\n\t\t\t\t\t<h3 class=\"elementor-heading-title elementor-size-default\">Nuestra visi\u00f3n<\/h3>\t\t\t\t<\/div>\n\t\t\t\t<\/div>\n\t\t\t\t<div class=\"elementor-element elementor-element-f843cc6 elementor-headline--style-highlight elementor-widget elementor-widget-animated-headline\" data-id=\"f843cc6\" data-element_type=\"widget\" data-settings=\"{&quot;marker&quot;:&quot;double_underline&quot;,&quot;highlighted_text&quot;:&quot;aspiramos&quot;,&quot;headline_style&quot;:&quot;highlight&quot;,&quot;loop&quot;:&quot;yes&quot;,&quot;highlight_animation_duration&quot;:1200,&quot;highlight_iteration_delay&quot;:8000}\" data-widget_type=\"animated-headline.default\">\n\t\t\t\t<div class=\"elementor-widget-container\">\n\t\t\t\t\t\t\t<h1 class=\"elementor-headline\">\n\t\t\t\t\t<span class=\"elementor-headline-plain-text elementor-headline-text-wrapper\">\u00bfQu\u00e9 futuro<\/span>\n\t\t\t\t<span class=\"elementor-headline-dynamic-wrapper elementor-headline-text-wrapper\">\n\t\t\t\t\t<span class=\"elementor-headline-dynamic-text elementor-headline-text-active\">aspiramos<\/span>\n\t\t\t\t<\/span>\n\t\t\t\t\t<span class=\"elementor-headline-plain-text elementor-headline-text-wrapper\">a crear?<\/span>\n\t\t\t\t\t<\/h1>\n\t\t\t\t\t\t<\/div>\n\t\t\t\t<\/div>\n\t\t\t\t<div class=\"elementor-element elementor-element-7c6bdb0 elementor-widget elementor-widget-text-editor\" data-id=\"7c6bdb0\" data-element_type=\"widget\" data-widget_type=\"text-editor.default\">\n\t\t\t\t<div class=\"elementor-widget-container\">\n\t\t\t\t\t\t\t\t\t<p>Ser reconocidos como una instituci\u00f3n<br>educativa Montessori l\u00edder a nivel<br>centroamericano por su b\u00fasqueda<br>constante de la excelencia acad\u00e9mica,<br>por medio de su metodolog\u00eda<br>internacional y el desarrollo comunitario<br>a trav\u00e9s de sus valores AMS.<\/p>\t\t\t\t\t\t\t\t<\/div>\n\t\t\t\t<\/div>\n\t\t\t\t<div class=\"elementor-element elementor-element-c69b806 elementor-align-left elementor-mobile-align-center elementor-widget elementor-widget-button\" data-id=\"c69b806\" data-element_type=\"widget\" data-widget_type=\"button.default\">\n\t\t\t\t<div class=\"elementor-widget-container\">\n\t\t\t\t\t\t\t\t\t<div class=\"elementor-button-wrapper\">\n\t\t\t\t\t<a class=\"elementor-button elementor-button-link elementor-size-sm\" href=\"https:\/\/antiguamontessori.edu.gt\/es\/visitanos\/\">\n\t\t\t\t\t\t<span class=\"elementor-button-content-wrapper\">\n\t\t\t\t\t\t\t\t\t<span class=\"elementor-button-text\">Vis\u00edtanos<\/span>\n\t\t\t\t\t<\/span>\n\t\t\t\t\t<\/a>\n\t\t\t\t<\/div>\n\t\t\t\t\t\t\t\t<\/div>\n\t\t\t\t<\/div>\n\t\t\t\t<\/div>\n\t\t<div class=\"elementor-element elementor-element-8c04926 e-con-full e-flex elementor-invisible e-con e-child\" data-id=\"8c04926\" data-element_type=\"container\" data-settings=\"{&quot;background_background&quot;:&quot;classic&quot;,&quot;animation&quot;:&quot;fadeInRight&quot;}\">\n\t\t\t\t<div class=\"elementor-element elementor-element-7b02d06 elementor-widget elementor-widget-image\" data-id=\"7b02d06\" data-element_type=\"widget\" data-widget_type=\"image.default\">\n\t\t\t\t<div class=\"elementor-widget-container\">\n\t\t\t\t\t\t\t\t\t\t\t\t\t\t\t<img decoding=\"async\" width=\"800\" height=\"533\" src=\"https:\/\/antiguamontessori.edu.gt\/wp-content\/uploads\/2024\/06\/ANTIGUA_MONTESSORI_-169.jpg\" class=\"attachment-large size-large wp-image-215\" alt=\"\" srcset=\"https:\/\/antiguamontessori.edu.gt\/wp-content\/uploads\/2024\/06\/ANTIGUA_MONTESSORI_-169.jpg 900w, https:\/\/antiguamontessori.edu.gt\/wp-content\/uploads\/2024\/06\/ANTIGUA_MONTESSORI_-169-300x200.jpg 300w, https:\/\/antiguamontessori.edu.gt\/wp-content\/uploads\/2024\/06\/ANTIGUA_MONTESSORI_-169-768x512.jpg 768w\" sizes=\"(max-width: 800px) 100vw, 800px\" \/>\t\t\t\t\t\t\t\t\t\t\t\t\t\t\t<\/div>\n\t\t\t\t<\/div>\n\t\t\t\t<\/div>\n\t\t\t\t<\/div>\n\t\t\t\t<\/div>\n\t\t","protected":false},"excerpt":{"rendered":"<p>https:\/\/antiguamontessori.edu.gt\/wp-content\/uploads\/2024\/09\/1-opc-2.webm Acerca de nosotros \u00bfQui\u00e9nes somos? Antigua Montessori School (AMS) es un colegio biling\u00fce e internacional que sigue la Filosof\u00eda Montessori, ofreciendo una educaci\u00f3n excepcional desde la edad preescolar hasta la secundaria. En AMS, honramos los principios Montessori al fomentar un ambiente educativo enriquecedor, donde cada estudiante tiene la oportunidad de volverse independiente en su [&hellip;]<\/p>\n","protected":false},"author":2,"featured_media":0,"parent":0,"menu_order":0,"comment_status":"closed","ping_status":"closed","template":"elementor_header_footer","meta":{"footnotes":""},"class_list":["post-11","page","type-page","status-publish","hentry"],"aioseo_notices":[],"_links":{"self":[{"href":"https:\/\/antiguamontessori.edu.gt\/es\/wp-json\/wp\/v2\/pages\/11","targetHints":{"allow":["GET"]}}],"collection":[{"href":"https:\/\/antiguamontessori.edu.gt\/es\/wp-json\/wp\/v2\/pages"}],"about":[{"href":"https:\/\/antiguamontessori.edu.gt\/es\/wp-json\/wp\/v2\/types\/page"}],"author":[{"embeddable":true,"href":"https:\/\/antiguamontessori.edu.gt\/es\/wp-json\/wp\/v2\/users\/2"}],"replies":[{"embeddable":true,"href":"https:\/\/antiguamontessori.edu.gt\/es\/wp-json\/wp\/v2\/comments?post=11"}],"version-history":[{"count":61,"href":"https:\/\/antiguamontessori.edu.gt\/es\/wp-json\/wp\/v2\/pages\/11\/revisions"}],"predecessor-version":[{"id":1104,"href":"https:\/\/antiguamontessori.edu.gt\/es\/wp-json\/wp\/v2\/pages\/11\/revisions\/1104"}],"wp:attachment":[{"href":"https:\/\/antiguamontessori.edu.gt\/es\/wp-json\/wp\/v2\/media?parent=11"}],"curies":[{"name":"wp","href":"https:\/\/api.w.org\/{rel}","templated":true}]}}